{"id":1202,"date":"2022-05-29T11:19:05","date_gmt":"2022-05-29T09:19:05","guid":{"rendered":"https:\/\/beebeproduction.hu\/?page_id=1202"},"modified":"2022-10-18T04:35:06","modified_gmt":"2022-10-18T02:35:06","slug":"elo-kozvetites","status":"publish","type":"page","link":"https:\/\/beebeproduction.hu\/?page_id=1202","title":{"rendered":"\u00c9l\u0151 k\u00f6zvet\u00edt\u00e9s"},"content":{"rendered":"\t\t<div data-elementor-type=\"wp-page\" data-elementor-id=\"1202\" class=\"elementor elementor-1202\" data-elementor-settings=\"[]\">\n\t\t\t\t\t\t\t<div class=\"elementor-section-wrap\">\n\t\t\t\t\t\t\t<section class=\"elementor-section elementor-top-section elementor-element elementor-element-0132fd6 elementor-section-boxed elementor-section-height-default elementor-section-height-default\" data-id=\"0132fd6\" data-element_type=\"section\">\n\t\t\t\t\t\t<div class=\"elementor-container elementor-column-gap-default\">\n\t\t\t\t\t<div class=\"elementor-column elementor-col-100 elementor-top-column elementor-element elementor-element-7002d23\" data-id=\"7002d23\" data-element_type=\"column\">\n\t\t\t<div class=\"elementor-widget-wrap elementor-element-populated\">\n\t\t\t\t\t\t\t\t<section class=\"elementor-section elementor-inner-section elementor-element elementor-element-46be006 elementor-section-boxed elementor-section-height-default elementor-section-height-default\" data-id=\"46be006\" data-element_type=\"section\">\n\t\t\t\t\t\t<div class=\"elementor-container elementor-column-gap-default\">\n\t\t\t\t\t<div class=\"elementor-column elementor-col-50 elementor-inner-column elementor-element elementor-element-f082d78\" data-id=\"f082d78\" data-element_type=\"column\">\n\t\t\t<div class=\"elementor-widget-wrap elementor-element-populated\">\n\t\t\t\t\t\t\t\t<div class=\"elementor-element elementor-element-3cff37a elementor-widget elementor-widget-image\" data-id=\"3cff37a\" data-element_type=\"widget\" data-widget_type=\"image.default\">\n\t\t\t\t<div class=\"elementor-widget-container\">\n\t\t\t\t\t\t\t\t\t\t\t\t\t\t\t<img decoding=\"async\" src=\"https:\/\/beebeproduction.hu\/wp-content\/uploads\/2022\/05\/IMG_6614-scaled.jpg\" title=\"IMG_6614\" alt=\"IMG_6614\" \/>\t\t\t\t\t\t\t\t\t\t\t\t\t\t\t<\/div>\n\t\t\t\t<\/div>\n\t\t\t\t\t<\/div>\n\t\t<\/div>\n\t\t\t\t<div class=\"elementor-column elementor-col-50 elementor-inner-column elementor-element elementor-element-1e332f5\" data-id=\"1e332f5\" data-element_type=\"column\">\n\t\t\t<div class=\"elementor-widget-wrap elementor-element-populated\">\n\t\t\t\t\t\t\t\t<div class=\"elementor-element elementor-element-cec397a elementor-widget elementor-widget-text-editor\" data-id=\"cec397a\" data-element_type=\"widget\" data-widget_type=\"text-editor.default\">\n\t\t\t\t<div class=\"elementor-widget-container\">\n\t\t\t\t\t\t\t<p>-Sportesem\u00e9nyek \u00e9l\u0151 k\u00f6zvet\u00edt\u00e9s\u00e9vel is foglalkozom.<\/p><p>-Tenisz, strandtenisz, strandr\u00f6plabda, tollaslabda, asztalitenisz \u00e9s sok m\u00e1s sport\u00a0<\/p><ul><li>4 kamera<\/li><li>2 komment\u00e1tor<\/li><li>\u00c9l\u0151 eredm\u00e9ny pontr\u00f3l pontra<\/li><li>Rekl\u00e1mok<\/li><li>Statisztik\u00e1k<\/li><li>Grafik\u00e1k<\/li><li>Facebook, YouTube, Twitch, stb.<\/li><li>Interakt\u00edv chat<\/li><\/ul>\t\t\t\t\t\t<\/div>\n\t\t\t\t<\/div>\n\t\t\t\t\t<\/div>\n\t\t<\/div>\n\t\t\t\t\t\t\t<\/div>\n\t\t<\/section>\n\t\t\t\t\t<\/div>\n\t\t<\/div>\n\t\t\t\t\t\t\t<\/div>\n\t\t<\/section>\n\t\t\t\t\t\t<\/div>\n\t\t\t\t\t<\/div>\n\t\t","protected":false},"excerpt":{"rendered":"<p>-Sportesem\u00e9nyek \u00e9l\u0151 k\u00f6zvet\u00edt\u00e9s\u00e9vel is foglalkozom. -Tenisz, strandtenisz, strandr\u00f6plabda, tollaslabda, asztalitenisz \u00e9s sok m\u00e1s sport\u00a0 4 kamera 2 komment\u00e1tor \u00c9l\u0151 eredm\u00e9ny pontr\u00f3l pontra Rekl\u00e1mok Statisztik\u00e1k Grafik\u00e1k Facebook, YouTube, Twitch, stb. Interakt\u00edv chat<\/p>\n","protected":false},"author":1,"featured_media":0,"parent":0,"menu_order":0,"comment_status":"closed","ping_status":"closed","template":"","meta":{"footnotes":""},"class_list":["post-1202","page","type-page","status-publish","hentry","entry"],"_links":{"self":[{"href":"https:\/\/beebeproduction.hu\/index.php?rest_route=\/wp\/v2\/pages\/1202","targetHints":{"allow":["GET"]}}],"collection":[{"href":"https:\/\/beebeproduction.hu\/index.php?rest_route=\/wp\/v2\/pages"}],"about":[{"href":"https:\/\/beebeproduction.hu\/index.php?rest_route=\/wp\/v2\/types\/page"}],"author":[{"embeddable":true,"href":"https:\/\/beebeproduction.hu\/index.php?rest_route=\/wp\/v2\/users\/1"}],"replies":[{"embeddable":true,"href":"https:\/\/beebeproduction.hu\/index.php?rest_route=%2Fwp%2Fv2%2Fcomments&post=1202"}],"version-history":[{"count":25,"href":"https:\/\/beebeproduction.hu\/index.php?rest_route=\/wp\/v2\/pages\/1202\/revisions"}],"predecessor-version":[{"id":1249,"href":"https:\/\/beebeproduction.hu\/index.php?rest_route=\/wp\/v2\/pages\/1202\/revisions\/1249"}],"wp:attachment":[{"href":"https:\/\/beebeproduction.hu\/index.php?rest_route=%2Fwp%2Fv2%2Fmedia&parent=1202"}],"curies":[{"name":"wp","href":"https:\/\/api.w.org\/{rel}","templated":true}]}}