{"id":189,"date":"2016-05-08T17:22:51","date_gmt":"2016-05-08T15:22:51","guid":{"rendered":"https:\/\/oceanwp.org\/gym\/?page_id=189"},"modified":"2023-04-01T01:45:32","modified_gmt":"2023-03-31T23:45:32","slug":"about-us","status":"publish","type":"page","link":"https:\/\/beebeproduction.hu\/?page_id=189","title":{"rendered":""},"content":{"rendered":"\t\t<div data-elementor-type=\"wp-page\" data-elementor-id=\"189\" class=\"elementor elementor-189\" data-elementor-settings=\"[]\">\n\t\t\t\t\t\t\t<div class=\"elementor-section-wrap\">\n\t\t\t\t\t\t\t<section class=\"elementor-section elementor-top-section elementor-element elementor-element-1c7f335 elementor-section-boxed elementor-section-height-default elementor-section-height-default\" data-id=\"1c7f335\" data-element_type=\"section\">\n\t\t\t\t\t\t<div class=\"elementor-container elementor-column-gap-default\">\n\t\t\t\t\t<div class=\"elementor-column elementor-col-100 elementor-top-column elementor-element elementor-element-27dccdb\" data-id=\"27dccdb\" data-element_type=\"column\">\n\t\t\t<div class=\"elementor-widget-wrap elementor-element-populated\">\n\t\t\t\t\t\t\t\t<div class=\"elementor-element elementor-element-b170a11 elementor-widget elementor-widget-heading\" data-id=\"b170a11\" data-element_type=\"widget\" data-widget_type=\"heading.default\">\n\t\t\t\t<div class=\"elementor-widget-container\">\n\t\t\t<h2 class=\"elementor-heading-title elementor-size-default\"><br><span style=\"color: rgba(0, 0, 0, 0.99); font-family: ABeeZee; font-size: 15px; font-style: normal; font-variant-ligatures: normal; font-variant-caps: normal; font-weight: 400; letter-spacing: 0.4px; white-space: normal;\">Egy kis bemutatkoz\u00e1s: Balassa Bal\u00e1zsnak h\u00edvnak, a Beebe Production alap\u00edt\u00f3ja \u00e9s egyel\u0151re egyed\u00fcli tagja vagyok. 22 \u00e9ves vagyok, \u00e9letem eddigi nagy r\u00e9sz\u00e9t az iskolapadban \u00e9s a teniszp\u00e1ly\u00e1n t\u00f6lt\u00f6ttem.<\/span><\/h2>\t\t<\/div>\n\t\t\t\t<\/div>\n\t\t\t\t<div class=\"elementor-element elementor-element-e276a13 elementor-widget elementor-widget-heading\" data-id=\"e276a13\" data-element_type=\"widget\" data-widget_type=\"heading.default\">\n\t\t\t\t<div class=\"elementor-widget-container\">\n\t\t\t<h2 class=\"elementor-heading-title elementor-size-default\"><a href=\"\">Add meg itt a c\u00edmsor sz\u00f6veg\u00e9t<\/a><\/h2>\t\t<\/div>\n\t\t\t\t<\/div>\n\t\t\t\t<div class=\"elementor-element elementor-element-5b8e051 elementor-widget-divider--view-line elementor-widget elementor-widget-divider\" data-id=\"5b8e051\" data-element_type=\"widget\" data-widget_type=\"divider.default\">\n\t\t\t\t<div class=\"elementor-widget-container\">\n\t\t\t\t\t<div class=\"elementor-divider\">\n\t\t\t<span class=\"elementor-divider-separator\">\n\t\t\t\t\t\t<\/span>\n\t\t<\/div>\n\t\t\t\t<\/div>\n\t\t\t\t<\/div>\n\t\t\t\t<div class=\"elementor-element elementor-element-22cf3c7 elementor-widget elementor-widget-heading\" data-id=\"22cf3c7\" data-element_type=\"widget\" data-widget_type=\"heading.default\">\n\t\t\t\t<div class=\"elementor-widget-container\">\n\t\t\t<h2 class=\"elementor-heading-title elementor-size-default\">Iskol\u00e1im<\/h2>\t\t<\/div>\n\t\t\t\t<\/div>\n\t\t\t\t\t<\/div>\n\t\t<\/div>\n\t\t\t\t\t\t\t<\/div>\n\t\t<\/section>\n\t\t\t\t<section class=\"elementor-section elementor-top-section elementor-element elementor-element-etjgede elementor-section-boxed elementor-section-height-default elementor-section-height-default\" data-id=\"etjgede\" data-element_type=\"section\">\n\t\t\t\t\t\t<div class=\"elementor-container elementor-column-gap-default\">\n\t\t\t\t\t<div class=\"elementor-column elementor-col-33 elementor-top-column elementor-element elementor-element-iy3t4yi\" data-id=\"iy3t4yi\" data-element_type=\"column\">\n\t\t\t<div class=\"elementor-widget-wrap elementor-element-populated\">\n\t\t\t\t\t\t\t\t<div class=\"elementor-element elementor-element-z7kcv3a elementor-view-stacked elementor-shape-circle elementor-position-top elementor-vertical-align-top elementor-widget elementor-widget-icon-box\" data-id=\"z7kcv3a\" data-element_type=\"widget\" data-widget_type=\"icon-box.default\">\n\t\t\t\t<div class=\"elementor-widget-container\">\n\t\t\t\t\t<div class=\"elementor-icon-box-wrapper\">\n\t\t\t\t\t\t<div class=\"elementor-icon-box-icon\">\n\t\t\t\t<span class=\"elementor-icon elementor-animation-\" >\n\t\t\t\t<i aria-hidden=\"true\" class=\"fas fa-school\"><\/i>\t\t\t\t<\/span>\n\t\t\t<\/div>\n\t\t\t\t\t\t<div class=\"elementor-icon-box-content\">\n\t\t\t\t<h3 class=\"elementor-icon-box-title\">\n\t\t\t\t\t<span  >\n\t\t\t\t\t\t\u00c1d\u00e1m Jen\u0151 \u00c1ltal\u00e1nos Iskola\t\t\t\t\t<\/span>\n\t\t\t\t<\/h3>\n\t\t\t\t\t\t\t\t\t<p class=\"elementor-icon-box-description\">\n\t\t\t\t\t\t8 \u00e9vet t\u00f6lt\u00f6ttem el ebben a zenei iskol\u00e1ban, b\u00e1r a zen\u00e9hez nem sok <br>k\u00f6z\u00f6m volt.\t\t\t\t\t<\/p>\n\t\t\t\t\t\t\t<\/div>\n\t\t<\/div>\n\t\t\t\t<\/div>\n\t\t\t\t<\/div>\n\t\t\t\t\t<\/div>\n\t\t<\/div>\n\t\t\t\t<div class=\"elementor-column elementor-col-33 elementor-top-column elementor-element elementor-element-2pa4eoz\" data-id=\"2pa4eoz\" data-element_type=\"column\">\n\t\t\t<div class=\"elementor-widget-wrap elementor-element-populated\">\n\t\t\t\t\t\t\t\t<div class=\"elementor-element elementor-element-qbqfn14 elementor-view-stacked elementor-shape-circle elementor-position-top elementor-vertical-align-top elementor-widget elementor-widget-icon-box\" data-id=\"qbqfn14\" data-element_type=\"widget\" data-widget_type=\"icon-box.default\">\n\t\t\t\t<div class=\"elementor-widget-container\">\n\t\t\t\t\t<div class=\"elementor-icon-box-wrapper\">\n\t\t\t\t\t\t<div class=\"elementor-icon-box-icon\">\n\t\t\t\t<span class=\"elementor-icon elementor-animation-\" >\n\t\t\t\t<i aria-hidden=\"true\" class=\"fas fa-volleyball-ball\"><\/i>\t\t\t\t<\/span>\n\t\t\t<\/div>\n\t\t\t\t\t\t<div class=\"elementor-icon-box-content\">\n\t\t\t\t<h3 class=\"elementor-icon-box-title\">\n\t\t\t\t\t<span  >\n\t\t\t\t\t\tTestnevel\u00e9si Egyetem Gyakorl\u00f3 Gimn\u00e1zium\t\t\t\t\t<\/span>\n\t\t\t\t<\/h3>\n\t\t\t\t\t\t\t\t\t<p class=\"elementor-icon-box-description\">\n\t\t\t\t\t\t5 \u00e9vet j\u00e1rtam az angol tagozatra ebben a sportiskol\u00e1ban, a sport m\u00e1r jobban ment, mint a zene.\t\t\t\t\t<\/p>\n\t\t\t\t\t\t\t<\/div>\n\t\t<\/div>\n\t\t\t\t<\/div>\n\t\t\t\t<\/div>\n\t\t\t\t\t<\/div>\n\t\t<\/div>\n\t\t\t\t<div class=\"elementor-column elementor-col-33 elementor-top-column elementor-element elementor-element-bictysq\" data-id=\"bictysq\" data-element_type=\"column\">\n\t\t\t<div class=\"elementor-widget-wrap elementor-element-populated\">\n\t\t\t\t\t\t\t\t<div class=\"elementor-element elementor-element-hi8sl8b elementor-view-stacked elementor-shape-circle elementor-position-top elementor-vertical-align-top elementor-widget elementor-widget-icon-box\" data-id=\"hi8sl8b\" data-element_type=\"widget\" data-widget_type=\"icon-box.default\">\n\t\t\t\t<div class=\"elementor-widget-container\">\n\t\t\t\t\t<div class=\"elementor-icon-box-wrapper\">\n\t\t\t\t\t\t<div class=\"elementor-icon-box-icon\">\n\t\t\t\t<span class=\"elementor-icon elementor-animation-\" >\n\t\t\t\t<i aria-hidden=\"true\" class=\"fas fa-flag-usa\"><\/i>\t\t\t\t<\/span>\n\t\t\t<\/div>\n\t\t\t\t\t\t<div class=\"elementor-icon-box-content\">\n\t\t\t\t<h3 class=\"elementor-icon-box-title\">\n\t\t\t\t\t<span  >\n\t\t\t\t\t\tHarding University\t\t\t\t\t<\/span>\n\t\t\t\t<\/h3>\n\t\t\t\t\t\t\t\t\t<p class=\"elementor-icon-box-description\">\n\t\t\t\t\t\tJelenleg harmad\u00e9ves hallgat\u00f3 vagyok M\u00e9dia \u00e9s Kommunik\u00e1ci\u00f3 szakon, mellette az egyetemi teniszcsapatban is j\u00e1tszom.\t\t\t\t\t<\/p>\n\t\t\t\t\t\t\t<\/div>\n\t\t<\/div>\n\t\t\t\t<\/div>\n\t\t\t\t<\/div>\n\t\t\t\t\t<\/div>\n\t\t<\/div>\n\t\t\t\t\t\t\t<\/div>\n\t\t<\/section>\n\t\t\t\t<section class=\"elementor-section elementor-top-section elementor-element elementor-element-noyfdwx elementor-section-content-middle elementor-section-boxed elementor-section-height-default elementor-section-height-default\" data-id=\"noyfdwx\" data-element_type=\"section\" data-settings=\"{&quot;background_background&quot;:&quot;classic&quot;}\">\n\t\t\t\t\t\t<div class=\"elementor-container elementor-column-gap-default\">\n\t\t\t\t\t<div class=\"elementor-column elementor-col-50 elementor-top-column elementor-element elementor-element-jtttojh\" data-id=\"jtttojh\" data-element_type=\"column\">\n\t\t\t<div class=\"elementor-widget-wrap elementor-element-populated\">\n\t\t\t\t\t\t\t\t<div class=\"elementor-element elementor-element-0ddnl9z elementor-hidden-phone elementor-widget elementor-widget-image\" data-id=\"0ddnl9z\" data-element_type=\"widget\" data-widget_type=\"image.default\">\n\t\t\t\t<div class=\"elementor-widget-container\">\n\t\t\t\t\t\t\t\t\t\t\t\t\t\t\t<img loading=\"lazy\" decoding=\"async\" width=\"1707\" height=\"2560\" src=\"https:\/\/beebeproduction.hu\/wp-content\/uploads\/2021\/09\/IMG_3410-scaled.jpg\" class=\"attachment-full size-full\" alt=\"\" srcset=\"https:\/\/beebeproduction.hu\/wp-content\/uploads\/2021\/09\/IMG_3410-scaled.jpg 1707w, https:\/\/beebeproduction.hu\/wp-content\/uploads\/2021\/09\/IMG_3410-200x300.jpg 200w, https:\/\/beebeproduction.hu\/wp-content\/uploads\/2021\/09\/IMG_3410-683x1024.jpg 683w, https:\/\/beebeproduction.hu\/wp-content\/uploads\/2021\/09\/IMG_3410-768x1152.jpg 768w, https:\/\/beebeproduction.hu\/wp-content\/uploads\/2021\/09\/IMG_3410-1024x1536.jpg 1024w, https:\/\/beebeproduction.hu\/wp-content\/uploads\/2021\/09\/IMG_3410-1365x2048.jpg 1365w\" sizes=\"auto, (max-width: 1707px) 100vw, 1707px\" \/>\t\t\t\t\t\t\t\t\t\t\t\t\t\t\t<\/div>\n\t\t\t\t<\/div>\n\t\t\t\t\t<\/div>\n\t\t<\/div>\n\t\t\t\t<div class=\"elementor-column elementor-col-50 elementor-top-column elementor-element elementor-element-mimo0cy\" data-id=\"mimo0cy\" data-element_type=\"column\">\n\t\t\t<div class=\"elementor-widget-wrap elementor-element-populated\">\n\t\t\t\t\t\t\t\t<div class=\"elementor-element elementor-element-dgtvzpm center-mobile elementor-widget elementor-widget-heading\" data-id=\"dgtvzpm\" data-element_type=\"widget\" data-widget_type=\"heading.default\">\n\t\t\t\t<div class=\"elementor-widget-container\">\n\t\t\t<h2 class=\"elementor-heading-title elementor-size-default\">Mir\u0151l is sz\u00f3l ez a weboldal?<\/h2>\t\t<\/div>\n\t\t\t\t<\/div>\n\t\t\t\t<div class=\"elementor-element elementor-element-cknmqsu center-mobile elementor-widget elementor-widget-text-editor\" data-id=\"cknmqsu\" data-element_type=\"widget\" data-widget_type=\"text-editor.default\">\n\t\t\t\t<div class=\"elementor-widget-container\">\n\t\t\t\t\t\t\t<p>L\u00e9nyeg\u00e9ben gyakorl\u00e1s \u00e9s az eddigi munk\u00e1imnak egy \u00f6sszefoglal\u00f3 t\u00e1rhelye. Szeretek \u00faj dolgokat kipr\u00f3b\u00e1lni, ilyen volt a weblap k\u00e9sz\u00edt\u00e9s is.<\/p>\t\t\t\t\t\t<\/div>\n\t\t\t\t<\/div>\n\t\t\t\t<div class=\"elementor-element elementor-element-5b95494 elementor-widget elementor-widget-heading\" data-id=\"5b95494\" data-element_type=\"widget\" data-widget_type=\"heading.default\">\n\t\t\t\t<div class=\"elementor-widget-container\">\n\t\t\t<h2 class=\"elementor-heading-title elementor-size-default\">Eddigi Tev\u00e9kenys\u00e9geim<\/h2>\t\t<\/div>\n\t\t\t\t<\/div>\n\t\t\t\t<div class=\"elementor-element elementor-element-9a2ofi4 elementor-position-left elementor-vertical-align-middle elementor-widget elementor-widget-image-box\" data-id=\"9a2ofi4\" data-element_type=\"widget\" data-widget_type=\"image-box.default\">\n\t\t\t\t<div class=\"elementor-widget-container\">\n\t\t\t<div class=\"elementor-image-box-wrapper\"><figure class=\"elementor-image-box-img\"><img loading=\"lazy\" decoding=\"async\" width=\"1024\" height=\"1024\" src=\"https:\/\/beebeproduction.hu\/wp-content\/uploads\/2021\/09\/Nevtelen-terv-9-1024x1024.png\" class=\"attachment-large size-large\" alt=\"\" \/><\/figure><div class=\"elementor-image-box-content\"><h3 class=\"elementor-image-box-title\">Social Media<\/h3><p class=\"elementor-image-box-description\">Jelenleg is t\u00f6bb social media platformot kezelek, t\u00f6bbek k\u00f6z\u00f6tt egy teniszklub, egy sportbolt \u00e9s egy orvosi rendel\u0151 posztjai\u00e9rt is felelek.<\/p><\/div><\/div>\t\t<\/div>\n\t\t\t\t<\/div>\n\t\t\t\t<div class=\"elementor-element elementor-element-e6tjzez elementor-position-left elementor-vertical-align-middle elementor-widget elementor-widget-image-box\" data-id=\"e6tjzez\" data-element_type=\"widget\" data-widget_type=\"image-box.default\">\n\t\t\t\t<div class=\"elementor-widget-container\">\n\t\t\t<div class=\"elementor-image-box-wrapper\"><figure class=\"elementor-image-box-img\"><img decoding=\"async\" src=\"https:\/\/beebeproduction.hu\/wp-content\/uploads\/elementor\/thumbs\/Nevtelen-terv-6-pcnb8xgudhh1ro2p5w9s8fjv0v7bnchkq9yn1bzqnk.png\" title=\"N\u00e9vtelen terv (6)\" alt=\"N\u00e9vtelen terv (6)\" \/><\/figure><div class=\"elementor-image-box-content\"><h3 class=\"elementor-image-box-title\">Interj\u00fak \u00e9s Riportok<\/h3><p class=\"elementor-image-box-description\">Els\u0151sorban tenisz t\u00e9m\u00e1ban k\u00e9sz\u00edtettem \u0151ket, de id\u0151vel szeretn\u00e9k m\u00e1s sportokkal is k\u00f6zelebbi kapcsolatba ker\u00fclni.<\/p><\/div><\/div>\t\t<\/div>\n\t\t\t\t<\/div>\n\t\t\t\t<div class=\"elementor-element elementor-element-sysyrhm elementor-position-left elementor-vertical-align-middle elementor-widget elementor-widget-image-box\" data-id=\"sysyrhm\" data-element_type=\"widget\" data-widget_type=\"image-box.default\">\n\t\t\t\t<div class=\"elementor-widget-container\">\n\t\t\t<div class=\"elementor-image-box-wrapper\"><figure class=\"elementor-image-box-img\"><img loading=\"lazy\" decoding=\"async\" width=\"1080\" height=\"1080\" src=\"https:\/\/beebeproduction.hu\/wp-content\/uploads\/2021\/09\/Nevtelen-terv-7.png\" class=\"attachment-full size-full\" alt=\"\" \/><\/figure><div class=\"elementor-image-box-content\"><h3 class=\"elementor-image-box-title\">F\u00e9nyk\u00e9pek \u00e9s Vide\u00f3k<\/h3><p class=\"elementor-image-box-description\">B\u0151ven van m\u00e9g hova fejl\u0151dn\u00f6m, mindazon\u00e1ltal leny\u0171g\u00f6z, hogy mennyi mindent meg lehet mutatni egy kamera seg\u00edts\u00e9g\u00e9vel.<\/p><\/div><\/div>\t\t<\/div>\n\t\t\t\t<\/div>\n\t\t\t\t\t<\/div>\n\t\t<\/div>\n\t\t\t\t\t\t\t<\/div>\n\t\t<\/section>\n\t\t\t\t\t\t<\/div>\n\t\t\t\t\t<\/div>\n\t\t","protected":false},"excerpt":{"rendered":"<p>Egy kis bemutatkoz\u00e1s: Balassa Bal\u00e1zsnak h\u00edvnak, a Beebe Production alap\u00edt\u00f3ja \u00e9s egyel\u0151re egyed\u00fcli tagja vagyok. 22 \u00e9ves vagyok, \u00e9letem eddigi nagy r\u00e9sz\u00e9t az iskolapadban \u00e9s a teniszp\u00e1ly\u00e1n t\u00f6lt\u00f6ttem. Add meg itt a c\u00edmsor sz\u00f6veg\u00e9t Iskol\u00e1im \u00c1d\u00e1m Jen\u0151 \u00c1ltal\u00e1nos Iskola 8 \u00e9vet t\u00f6lt\u00f6ttem el ebben a zenei iskol\u00e1ban, b\u00e1r a zen\u00e9hez nem sok k\u00f6z\u00f6m volt. Testnevel\u00e9si [&hellip;]<\/p>\n","protected":false},"author":1,"featured_media":0,"parent":0,"menu_order":0,"comment_status":"closed","ping_status":"closed","template":"elementor_theme","meta":{"footnotes":""},"class_list":["post-189","page","type-page","status-publish","hentry","entry"],"_links":{"self":[{"href":"https:\/\/beebeproduction.hu\/index.php?rest_route=\/wp\/v2\/pages\/189","targetHints":{"allow":["GET"]}}],"collection":[{"href":"https:\/\/beebeproduction.hu\/index.php?rest_route=\/wp\/v2\/pages"}],"about":[{"href":"https:\/\/beebeproduction.hu\/index.php?rest_route=\/wp\/v2\/types\/page"}],"author":[{"embeddable":true,"href":"https:\/\/beebeproduction.hu\/index.php?rest_route=\/wp\/v2\/users\/1"}],"replies":[{"embeddable":true,"href":"https:\/\/beebeproduction.hu\/index.php?rest_route=%2Fwp%2Fv2%2Fcomments&post=189"}],"version-history":[{"count":94,"href":"https:\/\/beebeproduction.hu\/index.php?rest_route=\/wp\/v2\/pages\/189\/revisions"}],"predecessor-version":[{"id":1274,"href":"https:\/\/beebeproduction.hu\/index.php?rest_route=\/wp\/v2\/pages\/189\/revisions\/1274"}],"wp:attachment":[{"href":"https:\/\/beebeproduction.hu\/index.php?rest_route=%2Fwp%2Fv2%2Fmedia&parent=189"}],"curies":[{"name":"wp","href":"https:\/\/api.w.org\/{rel}","templated":true}]}}