{"id":68,"date":"2016-05-05T21:08:49","date_gmt":"2016-05-05T21:08:49","guid":{"rendered":"https:\/\/oceanwp.org\/sport\/?page_id=68"},"modified":"2021-09-08T18:44:38","modified_gmt":"2021-09-08T16:44:38","slug":"contact-us","status":"publish","type":"page","link":"https:\/\/beebeproduction.hu\/?page_id=68","title":{"rendered":""},"content":{"rendered":"\t\t<div data-elementor-type=\"wp-page\" data-elementor-id=\"68\" class=\"elementor elementor-68\" data-elementor-settings=\"[]\">\n\t\t\t\t\t\t\t<div class=\"elementor-section-wrap\">\n\t\t\t\t\t\t\t<section class=\"elementor-section elementor-top-section elementor-element elementor-element-542d1a32 elementor-section-boxed elementor-section-height-default elementor-section-height-default\" data-id=\"542d1a32\" data-element_type=\"section\">\n\t\t\t\t\t\t<div class=\"elementor-container elementor-column-gap-default\">\n\t\t\t\t\t<div class=\"elementor-column elementor-col-100 elementor-top-column elementor-element elementor-element-360904d0\" data-id=\"360904d0\" data-element_type=\"column\">\n\t\t\t<div class=\"elementor-widget-wrap elementor-element-populated\">\n\t\t\t\t\t\t\t\t<div class=\"elementor-element elementor-element-950d449 elementor-widget elementor-widget-text-editor\" data-id=\"950d449\" data-element_type=\"widget\" data-widget_type=\"text-editor.default\">\n\t\t\t\t<div class=\"elementor-widget-container\">\n\t\t\t\t\t\t\t<h2>El\u00e9rhet\u0151s\u00e9gek<\/h2>\n<p>Decemberben \u00e9s ny\u00e1ron Budapesten, az \u00e9v t\u00f6bbi r\u00e9sz\u00e9ben az USA-ban, Arkansas \u00e1llamban tart\u00f3zkodom.<\/p>\n<p style=\"margin: 0;\">Telefon: +36 20 237 3301<\/p>\n<p style=\"margin: 0;\">Email: info@beebeproduction.hu<\/p>\n<p>Web: <a href=\"#\">beebeproduction.hu<\/a><\/p>\n<p><a href=\"#\" target=\"_blank\" rel=\"noopener\"><br \/><\/a><a href=\"#\" target=\"_blank\" rel=\"noopener\"><br \/><\/a><\/p>\n<p><!-- wp:paragraph --><\/p>\n<p><!-- \/wp:paragraph --><\/p>\t\t\t\t\t\t<\/div>\n\t\t\t\t<\/div>\n\t\t\t\t\t<\/div>\n\t\t<\/div>\n\t\t\t\t\t\t\t<\/div>\n\t\t<\/section>\n\t\t\t\t\t\t<\/div>\n\t\t\t\t\t<\/div>\n\t\t","protected":false},"excerpt":{"rendered":"<p>El\u00e9rhet\u0151s\u00e9gek Decemberben \u00e9s ny\u00e1ron Budapesten, az \u00e9v t\u00f6bbi r\u00e9sz\u00e9ben az USA-ban, Arkansas \u00e1llamban tart\u00f3zkodom. Telefon: +36 20 237 3301 Email: info@beebeproduction.hu Web: beebeproduction.hu<\/p>\n","protected":false},"author":1,"featured_media":426,"parent":0,"menu_order":0,"comment_status":"closed","ping_status":"closed","template":"","meta":{"footnotes":""},"class_list":["post-68","page","type-page","status-publish","has-post-thumbnail","hentry","entry","has-media"],"_links":{"self":[{"href":"https:\/\/beebeproduction.hu\/index.php?rest_route=\/wp\/v2\/pages\/68","targetHints":{"allow":["GET"]}}],"collection":[{"href":"https:\/\/beebeproduction.hu\/index.php?rest_route=\/wp\/v2\/pages"}],"about":[{"href":"https:\/\/beebeproduction.hu\/index.php?rest_route=\/wp\/v2\/types\/page"}],"author":[{"embeddable":true,"href":"https:\/\/beebeproduction.hu\/index.php?rest_route=\/wp\/v2\/users\/1"}],"replies":[{"embeddable":true,"href":"https:\/\/beebeproduction.hu\/index.php?rest_route=%2Fwp%2Fv2%2Fcomments&post=68"}],"version-history":[{"count":32,"href":"https:\/\/beebeproduction.hu\/index.php?rest_route=\/wp\/v2\/pages\/68\/revisions"}],"predecessor-version":[{"id":773,"href":"https:\/\/beebeproduction.hu\/index.php?rest_route=\/wp\/v2\/pages\/68\/revisions\/773"}],"wp:featuredmedia":[{"embeddable":true,"href":"https:\/\/beebeproduction.hu\/index.php?rest_route=\/wp\/v2\/media\/426"}],"wp:attachment":[{"href":"https:\/\/beebeproduction.hu\/index.php?rest_route=%2Fwp%2Fv2%2Fmedia&parent=68"}],"curies":[{"name":"wp","href":"https:\/\/api.w.org\/{rel}","templated":true}]}}